{"id":2,"date":"2014-01-23T00:29:13","date_gmt":"2014-01-22T22:29:13","guid":{"rendered":"http:\/\/www.tangoartisan.com\/?page_id=2"},"modified":"2026-04-21T15:09:48","modified_gmt":"2026-04-21T13:09:48","slug":"about","status":"publish","type":"page","link":"https:\/\/tangoartisan.com\/de\/","title":{"rendered":"[ About ]"},"content":{"rendered":"<div style=\"display: grid; grid-template-columns: 1fr 4fr; grid-gap: 5%;\">\r\n    <div>\r\n    <img loading=\"lazy\" decoding=\"async\" class=\"ta-box-shadow\" src=\"https:\/\/tangoartisan.com\/wp-content\/uploads\/2020\/02\/stefan-portrait-bw.jpg\" alt=\"Portrait Stefan\" width=\"300\" height=\"440\" \/>\r\n  <\/div>\r\n  <div>\r\n    <p>Stefan Wimmer &#8211; the person behind Tango Artisan.<\/p>\r\n    <p>He is a teacher, TJ and host at <a href=\"http:\/\/www.elcorte.com\/\" target=\"_blank\" rel=\"noopener noreferrer\">El Corte<\/a> in Nijmegen, The Netherlands. Stefan is teaching together with <a href=\"https:\/\/tangoartisan.com\/about\/stefan-komala\/\">Komala<\/a> &amp; <a href=\"https:\/\/tangoartisan.com\/about\/stefan-marian\/\">Marian<\/a>.<\/p>\r\n    <div class=\"ta-box-shadow-strong ta-padding-4 ta-line-height-3 fs-min-1 italic red-2\">\r\n      <p class=\"bold fs-plus-6 underline small-caps\" style=\"margin-bottom: var(--spacer-2); font-style: normal;\">Nota bene<\/p>\r\n      <div>\r\n        <p class=\"bold fs-plus-2\" style=\"margin: 0 0 var(--spacer-1) 0;\">\r\n          <span class=\"fs-plus-4\" style=\"font-style: normal; padding-right: var(--spacer-1);\">&#10023;<\/span>\r\n          <a href=\"https:\/\/tangoartisan.com\/classes\/spring-summer-season-2026-in-el-corte-nijmegen\/\" target=\"_blank\" rel=\"noopener\">Spring &amp; summer season 2026 in El Corte, Nijmegen<\/a>\r\n        <\/p>\r\n      <\/div>\r\n      <div>\r\n        <p class=\"bold fs-plus-2\" style=\"margin: 0 0 var(--spacer-1) 0;\">\r\n          <span class=\"fs-plus-4\" style=\"font-style: normal; padding-right: var(--spacer-1);\">&#10023;<\/span>\r\n          <a href=\"https:\/\/tangoartisan.com\/classes\/spring-summer-season-2026-in-scala-eindhoven\/\" target=\"_blank\" rel=\"noopener\">Spring &#038; summer season 2026 in Scala, Eindhoven<\/a>\r\n        <\/p>\r\n      <\/div>\r\n      <div>\r\n        <p class=\"bold fs-plus-2\" style=\"margin: 0 0 var(--spacer-1) 0;\">\r\n          <span class=\"fs-plus-4\" style=\"font-style: normal; padding-right: var(--spacer-1);\">&#10023;<\/span>\r\n          <a href=\"https:\/\/tangoartisan.com\/workshops\/tango-cheshire-05-2026\/\" target=\"_blank\" rel=\"noopener\">Tango weekend @ Tango Cheshire &#8211; 09-10 May 2026<\/a>\r\n        <\/p>\r\n      <\/div>\r\n      <div>\r\n        <p class=\"bold fs-plus-2\" style=\"margin: 0 0 var(--spacer-1) 0;\">\r\n          <span class=\"fs-plus-4\" style=\"font-style: normal; padding-right: var(--spacer-1);\">&#10023;<\/span>\r\n          <a href=\"https:\/\/tangoartisan.com\/workshops\/tango-week-plomion-ardennes-19-25-july-2026\/\" target=\"_blank\" rel=\"noopener\">Tango week in Plomion, French Ardennes \u2013 19-25 July 2026<\/a>\r\n        <\/p>\r\n      <\/div>\r\n      <div>\r\n        <p class=\"bold fs-plus-2\" style=\"margin: 0 0 var(--spacer-1) 0;\">\r\n          <span class=\"fs-plus-4\" style=\"font-style: normal; padding-right: var(--spacer-1);\">&#10023;<\/span>\r\n          <a href=\"https:\/\/tangoartisan.com\/workshops\/workshops-summerdaze-2026\/\" target=\"_blank\" rel=\"noopener\">Workshops @ Summerdaze 2026 &#8211; 29 July &#8211; 02 August 2026<\/a>\r\n        <\/p>\r\n      <\/div>\r\n    <\/div>\r\n    <h5 style=\"margin-top: var(--spacer-5); text-align: right; text-decoration: underline;\">In the picture<\/h5>\r\n    <div class=\"excerpt-shrink\" style=\"margin: var(--spacer-3) 0;\">\r\n      <ul class=\"lcp_excerpt\" id=\"lcp_instance_0\"><li><a href=\"https:\/\/tangoartisan.com\/de\/classes\/spring-summer-season-2026-in-el-corte-nijmegen\/\">Fr&uuml;hjahr &amp; Sommer Saison 2026 in El Corte, Nijmegen<\/a><div class=\"lcp_excerpt\">W\u00f6chentlicher Tango-Unterricht in El Corte, Nijmegen, mit Stefan & Marian im Herbst & Winter 2025. F\u00fcr alle Niveaus. Anf\u00e4nger, Mittelstufe und Fortgeschrittene.<\/div><\/li><li><a href=\"https:\/\/tangoartisan.com\/de\/classes\/spring-summer-season-2026-in-scala-eindhoven\/\">Fr&uuml;hjahrs- &amp; Sommersaison 2026 in Scala, Eindhoven<\/a><div class=\"lcp_excerpt\">W&ouml;chentlicher Tango-Unterricht in Scala, Eindhoven bei Stefan &amp; Marian w\u00e4hrend der Fr&uuml;hjahrs- &amp; Sommersaison 2024. F&uuml;r alle Niveaus. Anf&auml;nger. Mittelstufe. Fortgeschrittene.<\/div><\/li><li><a href=\"https:\/\/tangoartisan.com\/de\/workshops\/tango-cheshire-05-2026\/\">Workshops @ Tango Cheshire &#8211; 9-10.05.2026<\/a><div class=\"lcp_excerpt\">(English) A weekend of workshops with Stefan at Tango Cheshire. Technique, Tango & Vals.<\/div><\/li><li><a href=\"https:\/\/tangoartisan.com\/de\/workshops\/tango-week-plomion-ardennes-19-25-july-2026\/\">Tango Woche Plomion, Ardennen &#8211; 19-25 Juli 2026<\/a><div class=\"lcp_excerpt\">Leider ist der Eintrag nur auf English und Nederlands verf\u00fcgbar.<\/div><\/li><li><a href=\"https:\/\/tangoartisan.com\/de\/workshops\/workshops-summerdaze-2026\/\">Workshops @ Summerdaze 2026<\/a><div class=\"lcp_excerpt\"><p class=\"bold underline\" style=\"margin: 0; font-size: small;\">Zwei Workshops w&auml;hrend der Summerdaze 2025<\/p>\r\n<p style=\"margin: 0; font-size: smaller;\">Beide Workshops haben ein grundlegendes Thema: Einfachheit. W\u00e4hrend wir uns im ersten Workshop mit der einfachsten Art und Weise besch\u00e4ftigen, eine Drehung zu kreieren, geht es im zweiten Workshop eher darum, ohne viele Schritte Spa\u00df an der Milonga zu haben. Es gibt eine Menge zu entdecken  <span style=\"font-style: normal; margin-left: 2px;\">&#x1f603;<\/span><\/p><\/div><\/li><\/ul>\r\n    <\/div>\r\n  <\/div>\r\n<\/div>","protected":false},"excerpt":{"rendered":"Stefan Wimmer &#8211; the person behind Tango Artisan. He is a teacher, TJ and host at El Corte in Nijmegen, The Netherlands. Stefan is teaching together with Komala &amp; Marian. Nota bene &#10023; Spring &amp; summer season 2026 in El Corte, Nijmegen &#10023; Spring &#038; summer season 2026 in Scala, Eindhoven &#10023; Tango weekend @ [&hellip;]","protected":false},"author":1,"featured_media":0,"parent":0,"menu_order":0,"comment_status":"closed","ping_status":"closed","template":"","meta":{"site-sidebar-layout":"default","site-content-layout":"default","ast-site-content-layout":"default","site-content-style":"default","site-sidebar-style":"default","ast-global-header-display":"","ast-banner-title-visibility":"","ast-main-header-display":"","ast-hfb-above-header-display":"","ast-hfb-below-header-display":"","ast-hfb-mobile-header-display":"","site-post-title":"","ast-breadcrumbs-content":"","ast-featured-img":"","footer-sml-layout":"","ast-disable-related-posts":"","theme-transparent-header-meta":"default","adv-header-id-meta":"","stick-header-meta":"","header-above-stick-meta":"","header-main-stick-meta":"","header-below-stick-meta":"","astra-migrate-meta-layouts":"set","ast-page-background-enabled":"default","ast-page-background-meta":{"desktop":{"background-color":"var(--ast-global-color-4)","background-image":"","background-repeat":"repeat","background-position":"center center","background-size":"auto","background-attachment":"scroll","background-type":"","background-media":"","overlay-type":"","overlay-color":"","overlay-opacity":"","overlay-gradient":""},"tablet":{"background-color":"","background-image":"","background-repeat":"repeat","background-position":"center center","background-size":"auto","background-attachment":"scroll","background-type":"","background-media":"","overlay-type":"","overlay-color":"","overlay-opacity":"","overlay-gradient":""},"mobile":{"background-color":"","background-image":"","background-repeat":"repeat","background-position":"center center","background-size":"auto","background-attachment":"scroll","background-type":"","background-media":"","overlay-type":"","overlay-color":"","overlay-opacity":"","overlay-gradient":""}},"ast-content-background-meta":{"desktop":{"background-color":"var(--ast-global-color-5)","background-image":"","background-repeat":"repeat","background-position":"center center","background-size":"auto","background-attachment":"scroll","background-type":"","background-media":"","overlay-type":"","overlay-color":"","overlay-opacity":"","overlay-gradient":""},"tablet":{"background-color":"var(--ast-global-color-5)","background-image":"","background-repeat":"repeat","background-position":"center center","background-size":"auto","background-attachment":"scroll","background-type":"","background-media":"","overlay-type":"","overlay-color":"","overlay-opacity":"","overlay-gradient":""},"mobile":{"background-color":"var(--ast-global-color-5)","background-image":"","background-repeat":"repeat","background-position":"center center","background-size":"auto","background-attachment":"scroll","background-type":"","background-media":"","overlay-type":"","overlay-color":"","overlay-opacity":"","overlay-gradient":""}},"footnotes":""},"class_list":["post-2","page","type-page","status-publish","hentry"],"_links":{"self":[{"href":"https:\/\/tangoartisan.com\/de\/wp-json\/wp\/v2\/pages\/2","targetHints":{"allow":["GET"]}}],"collection":[{"href":"https:\/\/tangoartisan.com\/de\/wp-json\/wp\/v2\/pages"}],"about":[{"href":"https:\/\/tangoartisan.com\/de\/wp-json\/wp\/v2\/types\/page"}],"author":[{"embeddable":true,"href":"https:\/\/tangoartisan.com\/de\/wp-json\/wp\/v2\/users\/1"}],"replies":[{"embeddable":true,"href":"https:\/\/tangoartisan.com\/de\/wp-json\/wp\/v2\/comments?post=2"}],"version-history":[{"count":5,"href":"https:\/\/tangoartisan.com\/de\/wp-json\/wp\/v2\/pages\/2\/revisions"}],"predecessor-version":[{"id":18155,"href":"https:\/\/tangoartisan.com\/de\/wp-json\/wp\/v2\/pages\/2\/revisions\/18155"}],"wp:attachment":[{"href":"https:\/\/tangoartisan.com\/de\/wp-json\/wp\/v2\/media?parent=2"}],"curies":[{"name":"wp","href":"https:\/\/api.w.org\/{rel}","templated":true}]}}